{"id":51,"date":"2025-12-27T18:01:32","date_gmt":"2025-12-27T18:01:32","guid":{"rendered":"https:\/\/seysselavenir.fr\/?page_id=51"},"modified":"2026-02-12T01:00:00","modified_gmt":"2026-02-12T01:00:00","slug":"actualites","status":"publish","type":"page","link":"https:\/\/seysselavenir.fr\/index.php\/actualites\/","title":{"rendered":"Actualit\u00e9s"},"content":{"rendered":"<ul class=\"wp-block-latest-posts__list is-grid columns-3 wp-block-latest-posts\"><li><a class=\"wp-block-latest-posts__post-title\" href=\"https:\/\/seysselavenir.fr\/index.php\/2026\/03\/19\/remerciements\/\">Remerciements<\/a><\/li>\n<li><a class=\"wp-block-latest-posts__post-title\" href=\"https:\/\/seysselavenir.fr\/index.php\/2026\/03\/13\/fin-de-campagne\/\">Fin de campagne<\/a><\/li>\n<li><a class=\"wp-block-latest-posts__post-title\" href=\"https:\/\/seysselavenir.fr\/index.php\/2026\/03\/13\/dimanche-chaque-voix-compte\/\">Dimanche, chaque voix compte<\/a><\/li>\n<li><a class=\"wp-block-latest-posts__post-title\" href=\"https:\/\/seysselavenir.fr\/index.php\/2026\/03\/11\/derniere-reunion-publique-le-12-mars\/\">Derni\u00e8re r\u00e9union publique le 12 mars<\/a><\/li>\n<li><a class=\"wp-block-latest-posts__post-title\" href=\"https:\/\/seysselavenir.fr\/index.php\/2026\/03\/11\/sur-le-marche-a-votre-ecoute\/\">Sur le March\u00e9, \u00e0 votre \u00e9coute<\/a><\/li>\n<li><a class=\"wp-block-latest-posts__post-title\" href=\"https:\/\/seysselavenir.fr\/index.php\/2026\/03\/08\/notre-equipe-au-coeur-de-la-vie-locale\/\">Notre \u00e9quipe au c\u0153ur de la vie locale<\/a><\/li>\n<li><a class=\"wp-block-latest-posts__post-title\" href=\"https:\/\/seysselavenir.fr\/index.php\/2026\/03\/08\/journee-internationale-des-droits-des-femmes\/\">Journ\u00e9e internationale des droits des femmes<\/a><\/li>\n<li><a class=\"wp-block-latest-posts__post-title\" href=\"https:\/\/seysselavenir.fr\/index.php\/2026\/03\/06\/notre-affiche-est-en-place\/\">Notre affiche est en place<\/a><\/li>\n<li><a class=\"wp-block-latest-posts__post-title\" href=\"https:\/\/seysselavenir.fr\/index.php\/2026\/03\/03\/se-servir-du-passe-pour-construire-lavenir\/\">Se servir du pass\u00e9 pour construire l&rsquo;avenir<\/a><\/li>\n<li><a class=\"wp-block-latest-posts__post-title\" href=\"https:\/\/seysselavenir.fr\/index.php\/2026\/03\/01\/bonne-fete-des-grands-meres\/\">Bonne f\u00eate des grands-m\u00e8res<\/a><\/li>\n<li><a class=\"wp-block-latest-posts__post-title\" href=\"https:\/\/seysselavenir.fr\/index.php\/2026\/02\/25\/depot-de-candidature\/\">D\u00e9p\u00f4t de candidature<\/a><\/li>\n<li><a class=\"wp-block-latest-posts__post-title\" href=\"https:\/\/seysselavenir.fr\/index.php\/2026\/02\/23\/a-votre-ecoute\/\">A votre \u00e9coute<\/a><\/li>\n<li><a class=\"wp-block-latest-posts__post-title\" href=\"https:\/\/seysselavenir.fr\/index.php\/2026\/02\/21\/seyssel-et-le-rhone\/\">Seyssel et le Rh\u00f4ne<\/a><\/li>\n<li><a class=\"wp-block-latest-posts__post-title\" href=\"https:\/\/seysselavenir.fr\/index.php\/2026\/02\/19\/soutien-aux-agriculteurs\/\">Soutien aux agriculteurs<\/a><\/li>\n<li><a class=\"wp-block-latest-posts__post-title\" href=\"https:\/\/seysselavenir.fr\/index.php\/2026\/02\/15\/en-centre-ville-et-dans-les-hameaux-notre-equipe-a-votre-rencontre\/\">En centre-ville et dans les hameaux : notre \u00e9quipe \u00e0 votre rencontre<\/a><\/li>\n<li><a class=\"wp-block-latest-posts__post-title\" href=\"https:\/\/seysselavenir.fr\/index.php\/2026\/02\/07\/en-action-pour-batir-le-seyssel-de-demain\/\">En action pour b\u00e2tir le Seyssel de demain<\/a><\/li>\n<li><a class=\"wp-block-latest-posts__post-title\" href=\"https:\/\/seysselavenir.fr\/index.php\/2026\/02\/04\/journee-mondiale-de-lutte-contre-le-cancer\/\">Journ\u00e9e mondiale de lutte contre le cancer<\/a><\/li>\n<li><a class=\"wp-block-latest-posts__post-title\" href=\"https:\/\/seysselavenir.fr\/index.php\/2026\/01\/26\/notre-video-de-presentation\/\">Notre vid\u00e9o de pr\u00e9sentation<\/a><\/li>\n<li><a class=\"wp-block-latest-posts__post-title\" href=\"https:\/\/seysselavenir.fr\/index.php\/2026\/01\/24\/memoire-et-territoire-saint-francois-de-sales\/\">M\u00e9moire et Territoire, Saint Fran\u00e7ois de Sales<\/a><\/li>\n<li><a class=\"wp-block-latest-posts__post-title\" href=\"https:\/\/seysselavenir.fr\/index.php\/2026\/01\/22\/a-seyssel-entre-rhone-et-montagne-notre-territoire-se-vit-et-se-cultive\/\">\u00c0 Seyssel, entre Rh\u00f4ne et montagne, notre territoire se vit et se cultive<\/a><\/li>\n<li><a class=\"wp-block-latest-posts__post-title\" href=\"https:\/\/seysselavenir.fr\/index.php\/2025\/12\/30\/revue-de-presse-article-hebdo-des-savoie-du-27-novembre-2025\/\">Revue de presse &#8211; article Hebdo des Savoie du 27 novembre 2025<\/a><\/li>\n<li><a class=\"wp-block-latest-posts__post-title\" href=\"https:\/\/seysselavenir.fr\/index.php\/2025\/12\/30\/revue-de-presse-article-du-dl-du-24-novembre-2025\/\">Revue de presse &#8211; article du DL du 24 novembre 2025<\/a><\/li>\n<li><a class=\"wp-block-latest-posts__post-title\" href=\"https:\/\/seysselavenir.fr\/index.php\/2025\/12\/27\/en-soutien-de-nos-jeunes-agriculeurs\/\">En soutien de nos jeunes agriculeurs<\/a><\/li>\n<li><a class=\"wp-block-latest-posts__post-title\" href=\"https:\/\/seysselavenir.fr\/index.php\/2025\/12\/24\/joyeux-noel-et-de-belles-fetes\/\">Joyeux No\u00ebl et de belles f\u00eates !<\/a><\/li>\n<li><a class=\"wp-block-latest-posts__post-title\" href=\"https:\/\/seysselavenir.fr\/index.php\/2025\/12\/16\/lequipe-presente-sur-le-marche-de-noel\/\">L&rsquo;\u00e9quipe pr\u00e9sente sur le March\u00e9 de No\u00ebl<\/a><\/li>\n<\/ul>\n\n\n<p><\/p>\n","protected":false},"excerpt":{"rendered":"","protected":false},"author":1,"featured_media":0,"parent":0,"menu_order":0,"comment_status":"closed","ping_status":"closed","template":"","meta":{"footnotes":""},"class_list":["post-51","page","type-page","status-publish","hentry","entry"],"_links":{"self":[{"href":"https:\/\/seysselavenir.fr\/index.php\/wp-json\/wp\/v2\/pages\/51","targetHints":{"allow":["GET"]}}],"collection":[{"href":"https:\/\/seysselavenir.fr\/index.php\/wp-json\/wp\/v2\/pages"}],"about":[{"href":"https:\/\/seysselavenir.fr\/index.php\/wp-json\/wp\/v2\/types\/page"}],"author":[{"embeddable":true,"href":"https:\/\/seysselavenir.fr\/index.php\/wp-json\/wp\/v2\/users\/1"}],"replies":[{"embeddable":true,"href":"https:\/\/seysselavenir.fr\/index.php\/wp-json\/wp\/v2\/comments?post=51"}],"version-history":[{"count":2,"href":"https:\/\/seysselavenir.fr\/index.php\/wp-json\/wp\/v2\/pages\/51\/revisions"}],"predecessor-version":[{"id":431,"href":"https:\/\/seysselavenir.fr\/index.php\/wp-json\/wp\/v2\/pages\/51\/revisions\/431"}],"wp:attachment":[{"href":"https:\/\/seysselavenir.fr\/index.php\/wp-json\/wp\/v2\/media?parent=51"}],"curies":[{"name":"wp","href":"https:\/\/api.w.org\/{rel}","templated":true}]}}