{"id":37,"date":"2025-12-27T17:11:12","date_gmt":"2025-12-27T17:11:12","guid":{"rendered":"https:\/\/seysselavenir.fr\/?page_id=37"},"modified":"2026-02-15T19:49:09","modified_gmt":"2026-02-15T19:49:09","slug":"reunions-publiques","status":"publish","type":"page","link":"https:\/\/seysselavenir.fr\/index.php\/reunions-publiques\/","title":{"rendered":"R\u00e9unions publiques"},"content":{"rendered":"\n<p>Les r\u00e9unions publiques sont des temps privil\u00e9gi\u00e9s pour se rencontrer, \u00e9changer et dialoguer autour de l\u2019avenir de notre commune.<br>Nous y pr\u00e9senterons nos id\u00e9es et nos projets, et prendrons le temps d\u2019\u00e9couter vos attentes et de r\u00e9pondre \u00e0 vos questions, dans un esprit d\u2019ouverture et de proximit\u00e9. Nous vous invitons \u00e0 venir nombreux participer \u00e0 ces moments d\u2019\u00e9change et de construction collective :<br><\/p>\n\n\n\n<p class=\"has-white-background-color has-background has-medium-font-size\"><strong>Mercredi 25 f\u00e9vrier \u00e0 19h<\/strong> au G\u00eete de l\u2019Edelweiss (au Praz)<br><strong>Samedi 28 f\u00e9vrier \u00e0 11h<\/strong> \u00e0 Cologny (devant l&rsquo;ancien bassin)<br><strong>Jeudi 5 mars \u00e0 19h<\/strong> \u00e0 la salle de la Mairie de Seyssel 74<br><strong>Samedi 7 mars \u00e0 11h<\/strong> \u00e0 Vens (devant le four banal)<br><strong>Jeudi 12 mars \u00e0 19h<\/strong> \u00e0 la salle de la Mairie de Seyssel 74<\/p>\n\n\n\n<p><\/p>\n\n\n\n<p><\/p>\n\n\n\n<figure class=\"wp-block-image size-full\"><img loading=\"lazy\" decoding=\"async\" width=\"987\" height=\"500\" src=\"http:\/\/seysselavenir.fr\/wp-content\/uploads\/2026\/02\/rives-de-seyssel.jpg\" alt=\"\" class=\"wp-image-280\" srcset=\"https:\/\/seysselavenir.fr\/wp-content\/uploads\/2026\/02\/rives-de-seyssel.jpg 987w, https:\/\/seysselavenir.fr\/wp-content\/uploads\/2026\/02\/rives-de-seyssel-300x152.jpg 300w, https:\/\/seysselavenir.fr\/wp-content\/uploads\/2026\/02\/rives-de-seyssel-768x389.jpg 768w\" sizes=\"auto, (max-width: 987px) 100vw, 987px\" \/><\/figure>\n","protected":false},"excerpt":{"rendered":"<p>Les r\u00e9unions publiques sont des temps privil\u00e9gi\u00e9s pour se rencontrer, \u00e9changer et dialoguer autour de l\u2019avenir de notre commune.Nous y pr\u00e9senterons nos id\u00e9es et nos projets, et prendrons le temps d\u2019\u00e9couter vos attentes et de r\u00e9pondre \u00e0 vos questions, dans un esprit d\u2019ouverture et de proximit\u00e9. Nous vous invitons \u00e0 venir nombreux participer \u00e0 ces [&hellip;]<\/p>\n","protected":false},"author":1,"featured_media":0,"parent":0,"menu_order":0,"comment_status":"closed","ping_status":"closed","template":"","meta":{"footnotes":""},"class_list":["post-37","page","type-page","status-publish","hentry","entry"],"_links":{"self":[{"href":"https:\/\/seysselavenir.fr\/index.php\/wp-json\/wp\/v2\/pages\/37","targetHints":{"allow":["GET"]}}],"collection":[{"href":"https:\/\/seysselavenir.fr\/index.php\/wp-json\/wp\/v2\/pages"}],"about":[{"href":"https:\/\/seysselavenir.fr\/index.php\/wp-json\/wp\/v2\/types\/page"}],"author":[{"embeddable":true,"href":"https:\/\/seysselavenir.fr\/index.php\/wp-json\/wp\/v2\/users\/1"}],"replies":[{"embeddable":true,"href":"https:\/\/seysselavenir.fr\/index.php\/wp-json\/wp\/v2\/comments?post=37"}],"version-history":[{"count":7,"href":"https:\/\/seysselavenir.fr\/index.php\/wp-json\/wp\/v2\/pages\/37\/revisions"}],"predecessor-version":[{"id":533,"href":"https:\/\/seysselavenir.fr\/index.php\/wp-json\/wp\/v2\/pages\/37\/revisions\/533"}],"wp:attachment":[{"href":"https:\/\/seysselavenir.fr\/index.php\/wp-json\/wp\/v2\/media?parent=37"}],"curies":[{"name":"wp","href":"https:\/\/api.w.org\/{rel}","templated":true}]}}