{"id":3,"date":"2025-11-30T21:09:10","date_gmt":"2025-11-30T21:09:10","guid":{"rendered":"http:\/\/seysselavenir.fr\/?page_id=3"},"modified":"2026-02-12T01:23:23","modified_gmt":"2026-02-12T01:23:23","slug":"privacy-policy","status":"publish","type":"page","link":"https:\/\/seysselavenir.fr\/index.php\/privacy-policy\/","title":{"rendered":"Mentions l\u00e9gales"},"content":{"rendered":"\n<h2 class=\"wp-block-heading\"><strong>Informations l\u00e9gales<\/strong><\/h2>\n\n\n\n<p><strong>\u00c9diteur du site<\/strong><br>Nom : <em>Florian ZUCCALLI<\/em><br>Qualit\u00e9 : Candidat aux \u00e9lections municipales 2026 &#8211; Seyssel<br>Adresse : 74910 Seyssel<\/p>\n\n\n\n<p><strong>Responsable de publication<\/strong><br><em><em>Florian ZUCCALLI<\/em><\/em> &#8211; \u00ab\u00a0Seyssel, notre avenir en commun\u00a0\u00bb<\/p>\n\n\n\n<p><strong>H\u00e9bergement<\/strong><br>Le site est h\u00e9berg\u00e9 par :<br><em>OVHcloud\u00a0<\/em><br><em>2 rue Kellermann &#8211; 59100 Roubaix &#8211; France<\/em><br><a href=\"https:\/\/www.ovhcloud.com\/fr\/\">https:\/\/www.ovhcloud.com\/fr\/<\/a><\/p>\n\n\n\n<p><strong>Financement<\/strong><br>Ce site est financ\u00e9 exclusivement par <em><em>Florian ZUCCALLI<\/em><\/em>, candidat aux \u00e9lections municipales, conform\u00e9ment \u00e0 la l\u00e9gislation en vigueur.<\/p>\n\n\n\n<p><strong>Donn\u00e9es personnelles<\/strong><br>Les informations recueillies via le formulaire de contact sont destin\u00e9es \u00e0 l\u2019\u00e9quipe de campagne et ne font l\u2019objet d\u2019aucune cession \u00e0 des tiers. Conform\u00e9ment au R\u00e8glement G\u00e9n\u00e9ral sur la Protection des Donn\u00e9es (RGPD) et \u00e0 la loi \u00ab Informatique et Libert\u00e9s \u00bb, vous disposez d\u2019un droit d\u2019acc\u00e8s, de rectification, de suppression et d\u2019opposition concernant vos donn\u00e9es en contactant l\u2019\u00e9quipe de campagne.<\/p>\n\n\n\n<p><strong>Cookies<\/strong><br>En visitant ce site, des cookies peuvent \u00eatre d\u00e9pos\u00e9s pour faciliter la navigation et mesurer l\u2019audience. Vous pouvez configurer votre navigateur pour refuser les cookies.<\/p>\n\n\n\n<p>Les contenus de ce site sont prot\u00e9g\u00e9s par le droit d\u2019auteur. Toute reproduction est interdite sans autorisation, sauf exceptions pr\u00e9vues par la loi.<\/p>\n\n\n\n<p>Photographies : Florian Zuccalli et son \u00e9quipe Seyssel, notre avenir en commun \/ Droits r\u00e9serv\u00e9s.<\/p>\n","protected":false},"excerpt":{"rendered":"<p>Informations l\u00e9gales \u00c9diteur du siteNom : Florian ZUCCALLIQualit\u00e9 : Candidat aux \u00e9lections municipales 2026 &#8211; SeysselAdresse : 74910 Seyssel Responsable de publicationFlorian ZUCCALLI &#8211; \u00ab\u00a0Seyssel, notre avenir en commun\u00a0\u00bb H\u00e9bergementLe site est h\u00e9berg\u00e9 par :OVHcloud\u00a02 rue Kellermann &#8211; 59100 Roubaix &#8211; Francehttps:\/\/www.ovhcloud.com\/fr\/ FinancementCe site est financ\u00e9 exclusivement par Florian ZUCCALLI, candidat aux \u00e9lections municipales, conform\u00e9ment [&hellip;]<\/p>\n","protected":false},"author":1,"featured_media":0,"parent":0,"menu_order":0,"comment_status":"closed","ping_status":"open","template":"","meta":{"footnotes":""},"class_list":["post-3","page","type-page","status-publish","hentry","entry"],"_links":{"self":[{"href":"https:\/\/seysselavenir.fr\/index.php\/wp-json\/wp\/v2\/pages\/3","targetHints":{"allow":["GET"]}}],"collection":[{"href":"https:\/\/seysselavenir.fr\/index.php\/wp-json\/wp\/v2\/pages"}],"about":[{"href":"https:\/\/seysselavenir.fr\/index.php\/wp-json\/wp\/v2\/types\/page"}],"author":[{"embeddable":true,"href":"https:\/\/seysselavenir.fr\/index.php\/wp-json\/wp\/v2\/users\/1"}],"replies":[{"embeddable":true,"href":"https:\/\/seysselavenir.fr\/index.php\/wp-json\/wp\/v2\/comments?post=3"}],"version-history":[{"count":3,"href":"https:\/\/seysselavenir.fr\/index.php\/wp-json\/wp\/v2\/pages\/3\/revisions"}],"predecessor-version":[{"id":440,"href":"https:\/\/seysselavenir.fr\/index.php\/wp-json\/wp\/v2\/pages\/3\/revisions\/440"}],"wp:attachment":[{"href":"https:\/\/seysselavenir.fr\/index.php\/wp-json\/wp\/v2\/media?parent=3"}],"curies":[{"name":"wp","href":"https:\/\/api.w.org\/{rel}","templated":true}]}}