{"id":20,"date":"2025-12-27T12:51:51","date_gmt":"2025-12-27T12:51:51","guid":{"rendered":"https:\/\/seysselavenir.fr\/?page_id=20"},"modified":"2026-02-13T09:00:32","modified_gmt":"2026-02-13T09:00:32","slug":"notre-programme","status":"publish","type":"page","link":"https:\/\/seysselavenir.fr\/index.php\/notre-programme\/","title":{"rendered":"Notre Programme"},"content":{"rendered":"\n<p>Notre \u00e9quipe revendique une vision \u00e0 long terme : Poursuivre l\u2019am\u00e9lioration du cadre de vie, assurer une gestion responsable des ressources, renforcer les services \u00e0 la population, mener \u00e0 bien les projets structurants, d\u00e9velopper la participation citoyenne et promouvoir un d\u00e9veloppement \u00e9quilibr\u00e9, ma\u00eetris\u00e9 et en phase avec les besoins du territoire.<\/p>\n\n\n\n<p class=\"has-text-color has-link-color has-medium-font-size wp-elements-af688394e83a8dd4a1c7bb875369555b\" style=\"color:#6da356\"><strong>PROJETS ET TRAVAUX EN COURS<\/strong><\/p>\n\n\n\n<p>Des projets structurants sont d\u00e9j\u00e0 pleinement lanc\u00e9s et en cours de r\u00e9alisation. Pour chacun d\u2019entre eux, le travail quotidien se poursuit, et nous esp\u00e9rons pouvoir le continuer avec votre soutien :<\/p>\n\n\n\n<p class=\"has-text-color has-link-color has-medium-font-size wp-elements-616b6e21244fccb2cf0e14c748f6a7e2\" style=\"color:#0489bc\"><strong>Gendarmerie<\/strong><\/p>\n\n\n\n<p>La <strong>nouvelle caserne <\/strong>sur le secteur du terrain stabilis\u00e9 a \u00e9t\u00e9 valid\u00e9e apr\u00e8s \u00e9tudes de sols, des moyens d\u2019acc\u00e8s et de la superficie mise \u00e0 disposition. Les plans topographiques ont aussi \u00e9t\u00e9 r\u00e9alis\u00e9s et les r\u00e9unions de travail plus d\u00e9taill\u00e9es s\u2019enchainent depuis octobre 2025, avec une Assistance \u00e0 ma\u00eetrise d\u2019ouvrage sp\u00e9cialis\u00e9e et un accompagnement juridique. L&rsquo;\u00e9tude du d\u00e9placement du local du ski-club et des jeux est en cours. <br>L\u2019appel \u00e0 candidature puis la consultation sont programm\u00e9s dans les prochaines semaines.<br>Un projet essentiel pour garantir la s\u00e9curit\u00e9 de nos habitants et la pr\u00e9sence durable des forces de l\u2019ordre sur notre territoire.<\/p>\n\n\n\n<p class=\"has-text-color has-link-color has-medium-font-size wp-elements-b39b47396636e82870938d7d15eb61e9\" style=\"color:#0489bc\"><strong>Economie &amp; Emplois<\/strong><\/p>\n\n\n\n<div class=\"wp-block-media-text is-stacked-on-mobile\" style=\"grid-template-columns:30% auto\"><figure class=\"wp-block-media-text__media\"><img loading=\"lazy\" decoding=\"async\" width=\"700\" height=\"720\" src=\"http:\/\/seysselavenir.fr\/wp-content\/uploads\/2026\/02\/vue-terrain-stabilise.jpg\" alt=\"\" class=\"wp-image-417 size-full\" srcset=\"https:\/\/seysselavenir.fr\/wp-content\/uploads\/2026\/02\/vue-terrain-stabilise.jpg 700w, https:\/\/seysselavenir.fr\/wp-content\/uploads\/2026\/02\/vue-terrain-stabilise-292x300.jpg 292w\" sizes=\"auto, (max-width: 700px) 100vw, 700px\" \/><\/figure><div class=\"wp-block-media-text__content\">\n<p><strong>Nouveau supermarch\u00e9<\/strong> et station-service : ce projet prend forme suite \u00e0 la concertation r\u00e9alis\u00e9e aupr\u00e8s de toute la population \u00e0 l\u2019\u00e9t\u00e9 2025.<br>87 % d\u2019avis favorables, avec un taux de participation \u00e9lev\u00e9. Un projet attendu, qui permettra de renforcer l\u2019offre de proximit\u00e9 et de soutenir l\u2019attractivit\u00e9 de notre commune.<br>L\u00e0 aussi, les r\u00e9unions de travail permettent au dossier d\u2019avancer, notamment aupr\u00e8s de la CCUR (urbanisme) et avec les enseignes qui ont sollicit\u00e9 la Commune. Plusieurs d\u2019entre elles sont d\u00e9sormais en phase finale pour l\u2019achat et l\u2019installation. Leurs propositions d\u00e9taill\u00e9es permettront de d\u00e9terminer le choix d\u00e9finitif<\/p>\n<\/div><\/div>\n\n\n\n<p>Futur commerce li\u00e9 au v\u00e9lo et au cyclotourisme au quartier Gallatin<br>Guinguette estivale dans le jardin r\u00e9nov\u00e9 de la Maison du Haut-Rh\u00f4ne<\/p>\n\n\n\n<p class=\"has-text-color has-link-color has-medium-font-size wp-elements-10d4536ab7dcc17b460dcd2935ef44e9\" style=\"color:#0489bc\"><strong>Patrimoine &amp; Culture<\/strong><\/p>\n\n\n\n<p>Projet mus\u00e9al et tourisique \u00e0 la Maison du Haut-Rh\u00f4ne. Le chantier int\u00e9rieur a d\u00e9but\u00e9 depuis l\u2019automne 2025, et les \u00e9tapes avancent selon le planning d\u00e9fini. Un projet soutenu et valid\u00e9 par plusieurs partenaires (D\u00e9partement, CNR, Etat), s\u2019inscrivant dans la continuit\u00e9 de la r\u00e9novation du quartier Gallatin et dans la valorisation de l\u2019histoire de Seyssel et du Rh\u00f4ne<br>Continuer la modernisation du Cin\u00e9ma Le Condate et son d\u00e9veloppement en partenariat avec les \u00e9coles, la MFR et les associations<br>Renforcement du r\u00e9seau \u00e9lectrique afin de s\u2019adapter aux nouveaux usages et permettant la r\u00e9novation des anciennes b\u00e2tisses dans les hameaux<br>Adh\u00e9sion \u00e0 la Fondation du Patrimoine, avec possibilit\u00e9 de soutien sur un projet global de r\u00e9novation de l\u2019\u00e9glise St-Blaise, en plusieurs phases<br>Parcours de fresques, vous pouvez d\u00e9j\u00e0 en contempler plusieurs, sur les deux rives<\/p>\n\n\n\n<figure class=\"wp-block-gallery has-nested-images columns-default is-cropped wp-block-gallery-1 is-layout-flex wp-block-gallery-is-layout-flex\">\n<figure class=\"wp-block-image size-large\"><img loading=\"lazy\" decoding=\"async\" width=\"800\" height=\"600\" data-id=\"284\" src=\"https:\/\/seysselavenir.fr\/wp-content\/uploads\/2026\/02\/travaux-maison-haut-rhone.jpg\" alt=\"\" class=\"wp-image-284\" srcset=\"https:\/\/seysselavenir.fr\/wp-content\/uploads\/2026\/02\/travaux-maison-haut-rhone.jpg 800w, https:\/\/seysselavenir.fr\/wp-content\/uploads\/2026\/02\/travaux-maison-haut-rhone-300x225.jpg 300w, https:\/\/seysselavenir.fr\/wp-content\/uploads\/2026\/02\/travaux-maison-haut-rhone-768x576.jpg 768w\" sizes=\"auto, (max-width: 800px) 100vw, 800px\" \/><\/figure>\n\n\n\n<figure class=\"wp-block-image size-large\"><img loading=\"lazy\" decoding=\"async\" width=\"600\" height=\"800\" data-id=\"267\" src=\"https:\/\/seysselavenir.fr\/wp-content\/uploads\/2026\/02\/fresque-lynx.jpg\" alt=\"\" class=\"wp-image-267\" srcset=\"https:\/\/seysselavenir.fr\/wp-content\/uploads\/2026\/02\/fresque-lynx.jpg 600w, https:\/\/seysselavenir.fr\/wp-content\/uploads\/2026\/02\/fresque-lynx-225x300.jpg 225w\" sizes=\"auto, (max-width: 600px) 100vw, 600px\" \/><\/figure>\n\n\n\n<figure class=\"wp-block-image size-large\"><img loading=\"lazy\" decoding=\"async\" width=\"620\" height=\"729\" data-id=\"437\" src=\"https:\/\/seysselavenir.fr\/wp-content\/uploads\/2026\/02\/fresques-2.jpg\" alt=\"\" class=\"wp-image-437\" srcset=\"https:\/\/seysselavenir.fr\/wp-content\/uploads\/2026\/02\/fresques-2.jpg 620w, https:\/\/seysselavenir.fr\/wp-content\/uploads\/2026\/02\/fresques-2-255x300.jpg 255w\" sizes=\"auto, (max-width: 620px) 100vw, 620px\" \/><\/figure>\n\n\n\n<figure class=\"wp-block-image size-large\"><img loading=\"lazy\" decoding=\"async\" width=\"733\" height=\"550\" data-id=\"416\" src=\"https:\/\/seysselavenir.fr\/wp-content\/uploads\/2026\/02\/fresque-parking-salle-des-fetes.jpg\" alt=\"\" class=\"wp-image-416\" srcset=\"https:\/\/seysselavenir.fr\/wp-content\/uploads\/2026\/02\/fresque-parking-salle-des-fetes.jpg 733w, https:\/\/seysselavenir.fr\/wp-content\/uploads\/2026\/02\/fresque-parking-salle-des-fetes-300x225.jpg 300w\" sizes=\"auto, (max-width: 733px) 100vw, 733px\" \/><\/figure>\n\n\n\n<figure class=\"wp-block-image size-large\"><img loading=\"lazy\" decoding=\"async\" width=\"800\" height=\"600\" data-id=\"435\" src=\"https:\/\/seysselavenir.fr\/wp-content\/uploads\/2026\/02\/eglise.jpg\" alt=\"\" class=\"wp-image-435\" srcset=\"https:\/\/seysselavenir.fr\/wp-content\/uploads\/2026\/02\/eglise.jpg 800w, https:\/\/seysselavenir.fr\/wp-content\/uploads\/2026\/02\/eglise-300x225.jpg 300w, https:\/\/seysselavenir.fr\/wp-content\/uploads\/2026\/02\/eglise-768x576.jpg 768w\" sizes=\"auto, (max-width: 800px) 100vw, 800px\" \/><\/figure>\n<\/figure>\n\n\n\n<p><\/p>\n\n\n\n<p class=\"has-text-color has-link-color has-medium-font-size wp-elements-3dbb10b9962f564b38476b4f7fe408f3\" style=\"color:#0489bc\"><strong>Service de secours<\/strong><br><\/p>\n\n\n\n<div class=\"wp-block-media-text has-media-on-the-right is-stacked-on-mobile\" style=\"grid-template-columns:auto 30%\"><div class=\"wp-block-media-text__content\">\n<p>En lien \u00e9troit avec le centre de secours, les sapeurs-pompiers et les partenaires concern\u00e9s, des d\u00e9marches ont \u00e9t\u00e9 engag\u00e9es pour renforcer la coordination des interventions, accompagner les \u00e9volutions n\u00e9cessaires et consolider durablement l\u2019efficacit\u00e9 du dispositif de secours sur notre territoire<\/p>\n<\/div><figure class=\"wp-block-media-text__media\"><img loading=\"lazy\" decoding=\"async\" width=\"580\" height=\"794\" src=\"https:\/\/seysselavenir.fr\/wp-content\/uploads\/2026\/02\/pompiers.jpg\" alt=\"\" class=\"wp-image-384 size-full\" srcset=\"https:\/\/seysselavenir.fr\/wp-content\/uploads\/2026\/02\/pompiers.jpg 580w, https:\/\/seysselavenir.fr\/wp-content\/uploads\/2026\/02\/pompiers-219x300.jpg 219w\" sizes=\"auto, (max-width: 580px) 100vw, 580px\" \/><\/figure><\/div>\n\n\n\n<p class=\"has-text-color has-link-color has-medium-font-size wp-elements-f36cdb3a75b18b23db1a198eb7ef5c02\" style=\"color:#0489bc\"><strong>B\u00e2timents &amp; Entretien<\/strong><\/p>\n\n\n\n<p>Travaux d\u2019am\u00e9lioration \u00e9nerg\u00e9tique \u00e0 l\u2019EHPAD Les Jardins de l\u2019\u00eele<br>Structuration et renforcement de la s\u00e9curit\u00e9 des \u00e9tablissements recevant du public (ERP)<br>Etude de faisabilit\u00e9 de remplacement des anciennes chaudi\u00e8res<br>R\u00e9novation de toitures de b\u00e2timents communaux<br>Acquisition des b\u00e2timents CERD et P\u00f4le m\u00e9dico-social du D\u00e9partement, situ\u00e9s vers le parking du Petit Nice<br>Nouveau r\u00e9servoir d\u2019eau potable visant \u00e0 remplacer ceux de la Boiteuse et de Paumont<br>Plantation de v\u00e9g\u00e9taux \u00e0 bulbes, mieux adapt\u00e9s et plus r\u00e9silients face aux canicules et s\u00e9cheresses r\u00e9currentes<\/p>\n\n\n\n<figure class=\"wp-block-gallery has-nested-images columns-default is-cropped wp-block-gallery-2 is-layout-flex wp-block-gallery-is-layout-flex\">\n<figure class=\"wp-block-image size-large\"><img loading=\"lazy\" decoding=\"async\" width=\"600\" height=\"800\" data-id=\"278\" src=\"https:\/\/seysselavenir.fr\/wp-content\/uploads\/2026\/02\/plants-a-bulbes.jpg\" alt=\"\" class=\"wp-image-278\" srcset=\"https:\/\/seysselavenir.fr\/wp-content\/uploads\/2026\/02\/plants-a-bulbes.jpg 600w, https:\/\/seysselavenir.fr\/wp-content\/uploads\/2026\/02\/plants-a-bulbes-225x300.jpg 225w\" sizes=\"auto, (max-width: 600px) 100vw, 600px\" \/><\/figure>\n\n\n\n<figure class=\"wp-block-image size-large\"><img loading=\"lazy\" decoding=\"async\" width=\"800\" height=\"600\" data-id=\"272\" src=\"https:\/\/seysselavenir.fr\/wp-content\/uploads\/2026\/02\/grenette-renovee.jpg\" alt=\"\" class=\"wp-image-272\" srcset=\"https:\/\/seysselavenir.fr\/wp-content\/uploads\/2026\/02\/grenette-renovee.jpg 800w, https:\/\/seysselavenir.fr\/wp-content\/uploads\/2026\/02\/grenette-renovee-300x225.jpg 300w, https:\/\/seysselavenir.fr\/wp-content\/uploads\/2026\/02\/grenette-renovee-768x576.jpg 768w\" sizes=\"auto, (max-width: 800px) 100vw, 800px\" \/><\/figure>\n\n\n\n<figure class=\"wp-block-image size-large\"><img loading=\"lazy\" decoding=\"async\" width=\"797\" height=\"600\" data-id=\"265\" src=\"https:\/\/seysselavenir.fr\/wp-content\/uploads\/2026\/02\/EHPAD-2-24.11.2023.jpg\" alt=\"\" class=\"wp-image-265\" srcset=\"https:\/\/seysselavenir.fr\/wp-content\/uploads\/2026\/02\/EHPAD-2-24.11.2023.jpg 797w, https:\/\/seysselavenir.fr\/wp-content\/uploads\/2026\/02\/EHPAD-2-24.11.2023-300x226.jpg 300w, https:\/\/seysselavenir.fr\/wp-content\/uploads\/2026\/02\/EHPAD-2-24.11.2023-768x578.jpg 768w\" sizes=\"auto, (max-width: 797px) 100vw, 797px\" \/><\/figure>\n<\/figure>\n\n\n\n<blockquote class=\"wp-block-quote is-layout-flow wp-block-quote-is-layout-flow\">\n<p>De nombreux projets d\u2019envergure ont \u00e9t\u00e9 r\u00e9alis\u00e9s depuis 2020 et plusieurs sont en cours. Pour les mener \u00e0 terme, il faut de la stabilit\u00e9, de la m\u00e9thode et une connaissance fine des dossiers<\/p>\n<\/blockquote>\n\n\n\n<p class=\"has-text-color has-link-color has-medium-font-size wp-elements-7198491d042afc7bdf62d055748ee8ca\" style=\"color:#6da356\"><strong>POURSUIVRE LA DYNAMIQUE<\/strong><\/p>\n\n\n\n<p>Porter une ambition claire, poursuivre le travail engag\u00e9, avec m\u00e9thode, responsabilit\u00e9 et proximit\u00e9, autour de grands th\u00e8mes, et conform\u00e9ment \u00e0 vos retours et \u00e0 nos r\u00e9flexions :<\/p>\n\n\n\n<p class=\"has-text-color has-link-color has-medium-font-size wp-elements-dd7aa76407505e6e5b943b9464ebc934\" style=\"color:#0489bc\"><strong>Sant\u00e9 &amp; Action sociale<\/strong><\/p>\n\n\n\n<p>Apr\u00e8s la concr\u00e9tisation de <strong>l\u2019arriv\u00e9e d\u2019un premier m\u00e9decin dans les prochaines semaines<\/strong> (pr\u00e9vision \u00e0 d\u00e9but Avril 2026) dans la Maison de Sant\u00e9 du Pays de Seyssel, nous continuerons ce travail quotidien de recherche permettant de consolider l\u2019offre de soins<br>Favoriser l\u2019accueil de tous les praticiens de sant\u00e9. Parce que l\u2019acc\u00e8s aux soins est une pr\u00e9occupation quotidienne pour de nombreuses familles<br>Continuer d\u2019accompagner les associations solidaires et le Club des S\u00e9niors<br>D\u00e9velopper de nouvelles actions avec le CCAS &#8211; Centre Communal d\u2019Action Sociale<br>Etude du besoin pour un projet d\u2019une maison de colocation solidaire pour les s\u00e9niors<br>Soutenir la cr\u00e9ation d\u2019une ressourcerie \/ recyclerie<\/p>\n\n\n\n<p class=\"has-text-color has-link-color has-medium-font-size wp-elements-620859e8c328cf6bbfb9f7189dccf43e\" style=\"color:#0489bc\"><strong>Des finances saines<\/strong><\/p>\n\n\n\n<p>Maintien de la mise en place de projets ambitieux mais r\u00e9alistes<br>Continuer \u00e0 \u0153uvrer avec bon sens, rigueur et vision long terme<br>Un budget finement travaill\u00e9 et une fiscalit\u00e9 ma\u00eetris\u00e9e<br>Consolider les relations avec les partenaires financeurs<br>Plan pluriannuel de gestion des voiries, des \u00e9quipements, de l\u2019\u00e9clairage<\/p>\n\n\n\n<blockquote class=\"wp-block-quote is-layout-flow wp-block-quote-is-layout-flow\">\n<p>Bien g\u00e9rer aujourd\u2019hui, c\u2019est pr\u00e9server demain ! <br>Seyssel doit rester une commune \u00e0 taille humaine, \u00e9quilibr\u00e9e entre nature, fleuve et espaces de vie<\/p>\n<\/blockquote>\n\n\n\n<p class=\"has-text-color has-link-color has-medium-font-size wp-elements-0371b9448155e45d0e08a80e869aaf4a\" style=\"color:#0489bc\"><strong>Services \u00e0 la population &amp; S\u00e9curit\u00e9<\/strong><\/p>\n\n\n\n<p>P\u00e9renniser le service de Police municipale pluricommunale et envisager son d\u00e9veloppement. Parce que la tranquillit\u00e9 du quotidien est une attente l\u00e9gitime pour chaque habitant<br>D\u00e9fendre les services publics et de proximit\u00e9 encore en place sur Seyssel (La Poste, gare SNCF, services de secours, gendarmerie, ADMR, services sociaux,&#8230;)<br>Finalisation de la Fibre Optique par le SYANE sur le secteur sud de la commune<br>Proposer des journ\u00e9es de formation li\u00e9es aux secours, \u00e0 la protection civile, ou \u00e0 la s\u00e9curit\u00e9<br>Continuer le d\u00e9veloppement du dispositif encourageant le covoiturage, avec la CCUR<br>S\u00e9curisation de la sortie de la ZA \u00eele nord (d\u00e9chetterie intercommunale)<br>S\u00e9curisation du carrefour RD992-Pichet d\u2019Ambre-R\u00e9gie ESS, une fois le projet SEMCODA termin\u00e9<\/p>\n\n\n\n<p class=\"has-text-color has-link-color has-medium-font-size wp-elements-dbe5815b3dd1e2f1d0687de6dd4f2e87\" style=\"color:#0489bc\"><strong>Dynamisme local<\/strong><\/p>\n\n\n\n<p>Travailler en collaboration avec les commer\u00e7ants et artisans locaux, les acteurs \u00e9conomiques et touristiques (dont le camping municipal), ainsi que le Club des Entrepreneurs du Pays de Seyssel<br>D\u00e9velopper les p\u00f4les culturels &#8211; Projet d\u2019une <strong>nouvelle M\u00e9diath\u00e8que<\/strong> r\u00e9pondant aux besoins actuels et \u00e0 venir (en concertation avec Seyssel rive droite). Un \u00e9quipement structurant pour favoriser l\u2019acc\u00e8s \u00e0 la culture et aux savoirs pour toutes les g\u00e9n\u00e9rations.<br>Investir dans des structures sportives p\u00e9rennes et b\u00e2ties : <strong>nouveau Dojo<\/strong>, r\u00e9novation compl\u00e8te du complexe du Stade du Fier, afin de remplacer les bungalows obsol\u00e8tes, et r\u00e9flexion li\u00e9e \u00e0 la pratique du padel sur le secteur seysselan (avec le tennis club)<br>Maintien du soutien au tissu associatif ; pr\u00e8s de 10 associations suppl\u00e9mentaires cr\u00e9\u00e9es et soutenues depuis 2020<br>Poursuivre le d\u00e9veloppement de nouvelles disciplines sportives (rugby, BMX, e-sport) et activit\u00e9s culturelles (manga, \u00e9ducation \u00e0 la biodiversit\u00e9, jeux de r\u00f4le, ludoth\u00e8que, ateliers artistiques, spectacles et festivals au cin\u00e9ma)<\/p>\n\n\n\n<p class=\"has-text-color has-link-color has-medium-font-size wp-elements-f676316db24375a6c6b0eec88fba2211\" style=\"color:#0489bc\"><strong>Cadre de vie &amp; Environnement<\/strong><\/p>\n\n\n\n<p>Pr\u00e9server la qui\u00e9tude de notre commune &amp; privil\u00e9gier un d\u00e9veloppement raisonn\u00e9<br>Continuer de planter des arbres, en ville, en p\u00e9riph\u00e9rie, comme au Mont des Princes<br>Lancer l\u2019op\u00e9ration 1 naissance 1 arbre<br>Favoriser la perm\u00e9abilit\u00e9 des sols<br>Prise en compte proactive des canicules, s\u00e9cheresses, intemp\u00e9ries pour des solutions durables<br>Lutter contre les incivilit\u00e9s afin de maintenir des espaces publics accueillants<br>S\u2019appuyer sur un groupe de travail pour les fours et bassins des hameaux<br>R\u00e9flexion sur l&rsquo;am\u00e9nagement des rues Fran\u00e7ois 1er et Henri IV, et la place St-Fran\u00e7ois de Sales<br>Reprise de la rue Fran\u00e7ois Doche, entre les deux \u00e9coles (s\u00e9curisation &#8211; voirie)<\/p>\n\n\n\n<figure class=\"wp-block-image size-full\"><img loading=\"lazy\" decoding=\"async\" width=\"889\" height=\"500\" src=\"http:\/\/seysselavenir.fr\/wp-content\/uploads\/2026\/02\/mont-des-princes.jpg\" alt=\"\" class=\"wp-image-274\" srcset=\"https:\/\/seysselavenir.fr\/wp-content\/uploads\/2026\/02\/mont-des-princes.jpg 889w, https:\/\/seysselavenir.fr\/wp-content\/uploads\/2026\/02\/mont-des-princes-300x169.jpg 300w, https:\/\/seysselavenir.fr\/wp-content\/uploads\/2026\/02\/mont-des-princes-768x432.jpg 768w, https:\/\/seysselavenir.fr\/wp-content\/uploads\/2026\/02\/mont-des-princes-800x450.jpg 800w\" sizes=\"auto, (max-width: 889px) 100vw, 889px\" \/><\/figure>\n\n\n\n<p class=\"has-text-color has-link-color has-medium-font-size wp-elements-5c3c9aeebc513c6ac68d0d2e5ef52927\" style=\"color:#0489bc\"><strong>L\u2019eau, cette ressource \u00e0 pr\u00e9server<\/strong><\/p>\n\n\n\n<p>Modernisation et s\u00e9curisation du r\u00e9seau d\u2019eau potable et des ressources. Une modernisation indispensable pour s\u00e9curiser l\u2019approvisionnement en eau sur le long terme.<br>Exemplarit\u00e9 sur la gestion de la ressource en eau &#8211; Suivi r\u00e9gulier avec Aqualter<br>Actions de sensibilisation &#8211; suite au projet \u2018Ma Commune exemplaire\u2019<br>Vigilance sur les probl\u00e9matiques h\u00e9rit\u00e9es, dont les PFAS ou l&rsquo;ancienne d\u00e9charge dite du Raffaray<br>Urbanisation maitris\u00e9e en fonction des capacit\u00e9s de la commune sur le long terme<br>Continuer le dialogue avec les communes voisines et le Syndicat de Bellefontaine<\/p>\n\n\n\n<figure class=\"wp-block-image size-full\"><img loading=\"lazy\" decoding=\"async\" width=\"956\" height=\"500\" src=\"http:\/\/seysselavenir.fr\/wp-content\/uploads\/2026\/02\/vallee-de-seyssel.jpg\" alt=\"\" class=\"wp-image-285\" srcset=\"https:\/\/seysselavenir.fr\/wp-content\/uploads\/2026\/02\/vallee-de-seyssel.jpg 956w, https:\/\/seysselavenir.fr\/wp-content\/uploads\/2026\/02\/vallee-de-seyssel-300x157.jpg 300w, https:\/\/seysselavenir.fr\/wp-content\/uploads\/2026\/02\/vallee-de-seyssel-768x402.jpg 768w\" sizes=\"auto, (max-width: 956px) 100vw, 956px\" \/><\/figure>\n\n\n\n<p class=\"has-text-color has-link-color has-medium-font-size wp-elements-d1d4649b680ed884d98b09bdcc8fa6b7\" style=\"color:#0489bc\"><strong>Vie scolaire et p\u00e9riscolaire<\/strong><\/p>\n\n\n\n<div class=\"wp-block-media-text is-stacked-on-mobile\"><figure class=\"wp-block-media-text__media\"><img loading=\"lazy\" decoding=\"async\" width=\"774\" height=\"700\" src=\"https:\/\/seysselavenir.fr\/wp-content\/uploads\/2026\/02\/ecoles.jpg\" alt=\"\" class=\"wp-image-420 size-full\" srcset=\"https:\/\/seysselavenir.fr\/wp-content\/uploads\/2026\/02\/ecoles.jpg 774w, https:\/\/seysselavenir.fr\/wp-content\/uploads\/2026\/02\/ecoles-300x271.jpg 300w, https:\/\/seysselavenir.fr\/wp-content\/uploads\/2026\/02\/ecoles-768x695.jpg 768w\" sizes=\"auto, (max-width: 774px) 100vw, 774px\" \/><\/figure><div class=\"wp-block-media-text__content\">\n<p>R\u00e9novation et modernisation des bat\u00eements et \u00e9quipements scolaires. Parce que nos enfants m\u00e9ritent des conditions d\u2019apprentissage adapt\u00e9es.<br>Actions et animations interg\u00e9n\u00e9rationnelles<br>Soutien financier, logistique, et moral des actions entreprises pour la jeunesse<br>Continuit\u00e9 de la D\u00e9marche de D\u00e9veloppement Durable &#8211; Label E3D \u00e0 l\u2019\u00e9cole<br>Appui aux associations de soutien de la vie scolaire, dont l\u2019APE et l\u2019ASPEC<br>Mener de nouvelles actions avec le Conseil Municipal des Enfants<br>Soutenir la cr\u00e9ation d\u2019une classe ULIS au coll\u00e8ge ainsi que l\u2019association \u2018Dysponible\u2019<br>Echanges sur les besoins avec les parents et le corps enseignant<br>Etude d\u2019un syst\u00e8me de rafra\u00eechissement dans les \u00e9coles (et \u00e0 la Salle Belle Rive)<br>Evaluer la faisabilit\u00e9 d\u2019un lyc\u00e9e sur notre bassin de vie, aupr\u00e8s des organismes gestionnaires (R\u00e9gion, Etat), afin de r\u00e9duire les temps de trajet pour les jeunes<\/p>\n<\/div><\/div>\n\n\n\n<p><\/p>\n\n\n\n<p class=\"has-text-color has-link-color has-medium-font-size wp-elements-57253652998177f367c2aaa5eec2328a\" style=\"color:#0489bc\"><strong>Une commune participative et \u00e0 l\u2019\u00e9coute<\/strong><\/p>\n\n\n\n<p>Cr\u00e9ation d\u2019une Commission citoyenne, regroupant les plus jeunes jusqu\u2019aux s\u00e9niors<br>Mise en place de r\u00e9f\u00e9rents par quartiers \/ hameaux<br><strong>Concertation <\/strong>globale et groupes de travail sur le devenir de la <strong>Place de l\u2019Orme<\/strong><br>Concertation sur la partie Jeunesse, sur les r\u00e9els besoins du territoire, avec la CC Usses et Rh\u00f4ne et les communes voisines afin de d\u00e9finir le projet ad\u00e9quat (activit\u00e9s, accompagnement sp\u00e9cifique, foyer rural, MJC, centre de loisirs, capacit\u00e9 des cr\u00e8ches)<br>Transparence et partages r\u00e9guliers pour encore plus de confiance<br>Envisager le devenir de la Maison Quincy et de l\u2019H\u00f4tel Gallatin (pistes : culture, biodiversit\u00e9)<br>Soutien \u00e0 l\u2019entretien des concessions des \u2018Morts pour la France\u2019 reposant dans notre cimeti\u00e8re<br>Inciter \u00e0 l\u2019implication et \u00e0 la participation lors des \u00e9v\u00e9nements organis\u00e9s par la commune, qu\u2019ils soient festifs, environnementaux, culturels ou solidaires<\/p>\n\n\n\n<figure class=\"wp-block-image size-full\"><img loading=\"lazy\" decoding=\"async\" width=\"797\" height=\"600\" src=\"https:\/\/seysselavenir.fr\/wp-content\/uploads\/2026\/02\/place-orme.jpg\" alt=\"\" class=\"wp-image-463\" srcset=\"https:\/\/seysselavenir.fr\/wp-content\/uploads\/2026\/02\/place-orme.jpg 797w, https:\/\/seysselavenir.fr\/wp-content\/uploads\/2026\/02\/place-orme-300x226.jpg 300w, https:\/\/seysselavenir.fr\/wp-content\/uploads\/2026\/02\/place-orme-768x578.jpg 768w\" sizes=\"auto, (max-width: 797px) 100vw, 797px\" \/><\/figure>\n\n\n\n<p>Nous faisons le choix de la responsabilit\u00e9 plut\u00f4t que des promesses. Nous poursuivons un travail engag\u00e9, avec m\u00e9thode et constance. Et nous souhaitons continuer \u00e0 avancer avec vous.<\/p>\n\n\n\n<figure class=\"wp-block-embed is-type-video is-provider-youtube wp-block-embed-youtube wp-embed-aspect-16-9 wp-has-aspect-ratio\"><div class=\"wp-block-embed__wrapper\">\n<p class=\"responsive-video-wrap clr\"><iframe loading=\"lazy\" title=\"\u00c9lections municipales du 15 mars 2026 \u00e0 Seyssel Haute-Savoie - Liste Seyssel, notre avenir en commun\" width=\"1200\" height=\"675\" src=\"https:\/\/www.youtube.com\/embed\/XD29lrVHcCw?feature=oembed\" frameborder=\"0\" allow=\"accelerometer; autoplay; clipboard-write; encrypted-media; gyroscope; picture-in-picture; web-share\" referrerpolicy=\"strict-origin-when-cross-origin\" allowfullscreen><\/iframe><\/p>\n<\/div><\/figure>\n","protected":false},"excerpt":{"rendered":"<p>Notre \u00e9quipe revendique une vision \u00e0 long terme : Poursuivre l\u2019am\u00e9lioration du cadre de vie, assurer une gestion responsable des ressources, renforcer les services \u00e0 la population, mener \u00e0 bien les projets structurants, d\u00e9velopper la participation citoyenne et promouvoir un d\u00e9veloppement \u00e9quilibr\u00e9, ma\u00eetris\u00e9 et en phase avec les besoins du territoire. PROJETS ET TRAVAUX EN [&hellip;]<\/p>\n","protected":false},"author":1,"featured_media":0,"parent":0,"menu_order":0,"comment_status":"closed","ping_status":"closed","template":"","meta":{"footnotes":""},"class_list":["post-20","page","type-page","status-publish","hentry","entry"],"_links":{"self":[{"href":"https:\/\/seysselavenir.fr\/index.php\/wp-json\/wp\/v2\/pages\/20","targetHints":{"allow":["GET"]}}],"collection":[{"href":"https:\/\/seysselavenir.fr\/index.php\/wp-json\/wp\/v2\/pages"}],"about":[{"href":"https:\/\/seysselavenir.fr\/index.php\/wp-json\/wp\/v2\/types\/page"}],"author":[{"embeddable":true,"href":"https:\/\/seysselavenir.fr\/index.php\/wp-json\/wp\/v2\/users\/1"}],"replies":[{"embeddable":true,"href":"https:\/\/seysselavenir.fr\/index.php\/wp-json\/wp\/v2\/comments?post=20"}],"version-history":[{"count":31,"href":"https:\/\/seysselavenir.fr\/index.php\/wp-json\/wp\/v2\/pages\/20\/revisions"}],"predecessor-version":[{"id":498,"href":"https:\/\/seysselavenir.fr\/index.php\/wp-json\/wp\/v2\/pages\/20\/revisions\/498"}],"wp:attachment":[{"href":"https:\/\/seysselavenir.fr\/index.php\/wp-json\/wp\/v2\/media?parent=20"}],"curies":[{"name":"wp","href":"https:\/\/api.w.org\/{rel}","templated":true}]}}