{"id":2,"date":"2025-11-30T21:09:10","date_gmt":"2025-11-30T21:09:10","guid":{"rendered":"http:\/\/seysselavenir.fr\/?page_id=2"},"modified":"2026-02-12T19:09:56","modified_gmt":"2026-02-12T19:09:56","slug":"sample-page","status":"publish","type":"page","link":"https:\/\/seysselavenir.fr\/","title":{"rendered":"Bienvenue sur le site de Seyssel, notre avenir en commun"},"content":{"rendered":"\n<p class=\"has-text-align-center\">Bienvenue sur le site internet de la liste \u00ab\u00a0Seyssel, notre avenir en commun\u00a0\u00bb, liste candidate aux \u00e9lections du 15 mars 2026 \u00e0 Seyssel (Haute-Savoie)<\/p>\n\n\n\n<div class=\"wp-block-cover\"><img loading=\"lazy\" decoding=\"async\" width=\"852\" height=\"400\" class=\"wp-block-cover__image-background wp-image-260\" alt=\"\" src=\"http:\/\/seysselavenir.fr\/wp-content\/uploads\/2026\/02\/4__Florian_Zuccalli-Copie.jpg\" style=\"object-position:50% 50%\" data-object-fit=\"cover\" data-object-position=\"50% 50%\" srcset=\"https:\/\/seysselavenir.fr\/wp-content\/uploads\/2026\/02\/4__Florian_Zuccalli-Copie.jpg 852w, https:\/\/seysselavenir.fr\/wp-content\/uploads\/2026\/02\/4__Florian_Zuccalli-Copie-300x141.jpg 300w, https:\/\/seysselavenir.fr\/wp-content\/uploads\/2026\/02\/4__Florian_Zuccalli-Copie-768x361.jpg 768w\" sizes=\"auto, (max-width: 852px) 100vw, 852px\" \/><span aria-hidden=\"true\" class=\"wp-block-cover__background has-background-dim-20 has-background-dim\"><\/span><div class=\"wp-block-cover__inner-container is-layout-flow wp-block-cover-is-layout-flow\">\n<p class=\"has-text-align-center has-large-font-size\"><strong>Avec vous, construisons Seyssel de demain<\/strong><\/p>\n<\/div><\/div>\n\n\n\n<p><\/p>\n\n\n\n<p>Depuis 2020, <a href=\"https:\/\/seysselavenir.fr\/index.php\/bilan-mandat\/\">notre \u00e9quipe agit<\/a> pour faire avancer Seyssel avec s\u00e9rieux, engagement et proximit\u00e9.<br>Aujourd\u2019hui, nous poursuivons cette dynamique avec une \u00e9quipe renouvel\u00e9e et un projet clair : pr\u00e9server l\u2019\u00e2me de notre commune tout en pr\u00e9parant son avenir.<\/p>\n\n\n\n<p>Notre liste compl\u00e8te se compose de <strong>21<\/strong> membres, dont 2 candidats suppl\u00e9mentaires* prenant part \u00e0 cette belle aventure humaine. Une liste men\u00e9e par Florian Zuccalli, maire-adjoint de Seyssel (Haute-Savoie) depuis 2020, r\u00e9unissant \u00e9lus sortants et nouveaux talents engag\u00e9s dans la vie locale.<\/p>\n\n\n\n<p>Par ordre alphab\u00e9tique :<br>V\u00e9ronique AMOUDRUZ BRUN, Kevin ANTHONIOZ, Elise BORCIER, Gilles CALLET, Fr\u00e9d\u00e9ric CHAMBROUX, Herv\u00e9 CHAMEAU, Fran\u00e7oise CHENE, B\u00e9atrice DE DURAT, Gilbert FEGNE*, Tomasine FOSSOUX, Denis GAILLARD, Camille HAMON, Jacques LAPLACE, Amandine LEYVRAZ VINCENT, Annette POETTE, Kelly PATIN*, Johan POIRRIER, Jean-Marc VINET, Sylvie WOLLIUNG MIRANDA, Thierry ZIMMER, Florian ZUCCALLI<\/p>\n\n\n\n<figure class=\"wp-block-image size-full\"><a href=\"https:\/\/seysselavenir.fr\/index.php\/notre-equipe\/\"><img loading=\"lazy\" decoding=\"async\" width=\"902\" height=\"600\" src=\"http:\/\/seysselavenir.fr\/wp-content\/uploads\/2026\/02\/reunion-travail-gite-janvier-2026-a-oceane-mazy.jpg\" alt=\"\" class=\"wp-image-388\" srcset=\"https:\/\/seysselavenir.fr\/wp-content\/uploads\/2026\/02\/reunion-travail-gite-janvier-2026-a-oceane-mazy.jpg 902w, https:\/\/seysselavenir.fr\/wp-content\/uploads\/2026\/02\/reunion-travail-gite-janvier-2026-a-oceane-mazy-300x200.jpg 300w, https:\/\/seysselavenir.fr\/wp-content\/uploads\/2026\/02\/reunion-travail-gite-janvier-2026-a-oceane-mazy-768x511.jpg 768w\" sizes=\"auto, (max-width: 902px) 100vw, 902px\" \/><\/a><\/figure>\n\n\n\n<div class=\"wp-block-buttons is-layout-flex wp-block-buttons-is-layout-flex\">\n<div class=\"wp-block-button\"><a class=\"wp-block-button__link has-background wp-element-button\" href=\"https:\/\/seysselavenir.fr\/index.php\/notre-programme\/\" style=\"background-color:#0489bc\">Notre Programme<\/a><\/div>\n<\/div>\n\n\n\n<p><\/p>\n","protected":false},"excerpt":{"rendered":"<p>Bienvenue sur le site internet de la liste \u00ab\u00a0Seyssel, notre avenir en commun\u00a0\u00bb, liste candidate aux \u00e9lections du 15 mars 2026 \u00e0 Seyssel (Haute-Savoie) Depuis 2020, notre \u00e9quipe agit pour faire avancer Seyssel avec s\u00e9rieux, engagement et proximit\u00e9.Aujourd\u2019hui, nous poursuivons cette dynamique avec une \u00e9quipe renouvel\u00e9e et un projet clair : pr\u00e9server l\u2019\u00e2me de notre [&hellip;]<\/p>\n","protected":false},"author":1,"featured_media":0,"parent":0,"menu_order":0,"comment_status":"closed","ping_status":"open","template":"","meta":{"footnotes":""},"class_list":["post-2","page","type-page","status-publish","hentry","entry"],"_links":{"self":[{"href":"https:\/\/seysselavenir.fr\/index.php\/wp-json\/wp\/v2\/pages\/2","targetHints":{"allow":["GET"]}}],"collection":[{"href":"https:\/\/seysselavenir.fr\/index.php\/wp-json\/wp\/v2\/pages"}],"about":[{"href":"https:\/\/seysselavenir.fr\/index.php\/wp-json\/wp\/v2\/types\/page"}],"author":[{"embeddable":true,"href":"https:\/\/seysselavenir.fr\/index.php\/wp-json\/wp\/v2\/users\/1"}],"replies":[{"embeddable":true,"href":"https:\/\/seysselavenir.fr\/index.php\/wp-json\/wp\/v2\/comments?post=2"}],"version-history":[{"count":15,"href":"https:\/\/seysselavenir.fr\/index.php\/wp-json\/wp\/v2\/pages\/2\/revisions"}],"predecessor-version":[{"id":485,"href":"https:\/\/seysselavenir.fr\/index.php\/wp-json\/wp\/v2\/pages\/2\/revisions\/485"}],"wp:attachment":[{"href":"https:\/\/seysselavenir.fr\/index.php\/wp-json\/wp\/v2\/media?parent=2"}],"curies":[{"name":"wp","href":"https:\/\/api.w.org\/{rel}","templated":true}]}}